{"id":2349,"date":"2016-04-17T16:04:31","date_gmt":"2016-04-17T16:04:31","guid":{"rendered":"http:\/\/meccacapacitacion.com.ar\/?page_id=2349"},"modified":"2016-06-02T01:53:33","modified_gmt":"2016-06-02T04:53:33","slug":"bienvenida-aula-virtual-mecca-capacitacion","status":"publish","type":"page","link":"http:\/\/robertomecca.com.ar\/capacitacion\/bienvenida-aula-virtual-mecca-capacitacion\/","title":{"rendered":"Bienvenida &#8211; Aula Virtual Mecca Capacitaci\u00f3n"},"content":{"rendered":"<p><img loading=\"lazy\" decoding=\"async\" class=\"alignleft size-full wp-image-2449\" src=\"http:\/\/robertomecca.com.ar\/capacitacion\/wp-content\/uploads\/2016\/04\/roberto-mecca.jpg\" alt=\"roberto-mecca\" width=\"350\" height=\"263\" srcset=\"http:\/\/robertomecca.com.ar\/capacitacion\/wp-content\/uploads\/2016\/04\/roberto-mecca.jpg 350w, http:\/\/robertomecca.com.ar\/capacitacion\/wp-content\/uploads\/2016\/04\/roberto-mecca-120x90.jpg 120w, http:\/\/robertomecca.com.ar\/capacitacion\/wp-content\/uploads\/2016\/04\/roberto-mecca-310x233.jpg 310w\" sizes=\"(max-width: 350px) 100vw, 350px\" \/>Perm\u00edtame presentarme,\u00a0mi nombre es Roberto Mecca y me desempe\u00f1o como director y docente del Centro de Formaci\u00f3n y Perfeccionamiento Profesional, autorizado por la Superintendencia de Seguros de la Naci\u00f3n mediante resoluci\u00f3n Nro. 30.166 para el dictado de cursos para la obtenci\u00f3n de la condici\u00f3n de aspirante regular para la obtenci\u00f3n de la matr\u00edcula de productor asesor de seguros.<\/p>\n<p>Como se desprende de un breve curriculum al que puede acceder en esta misma p\u00e1gina, hace m\u00e1s de cincuenta a\u00f1os que estoy vinculado a la actividad aseguradora y m\u00e1s de cuarenta en funci\u00f3n docente en un intercambio permanente entre participantes de los cursos y expositor, situaci\u00f3n que enriquece permanentemente a ambas partes, llev\u00e1ndome a fijar nuevos desaf\u00edos para satisfacer plenamente las necesidades que se puedan requerir.<\/p>\n<p>El objetivo principal de este intercambio es la formaci\u00f3n de personas que, con idoneidad profesional y responsabilidad, sean dignos exponentes de esta hermosa actividad de alto contenido social.<\/p>\n<p>En nombre del instituto le doy la bienvenida a esta aula virtual, que, como se explicar\u00e1 posteriormente, servir\u00e1 de complemento a las clases presenciales que se desarrollar\u00e1n en los d\u00edas y horarios fijados en la secci\u00f3n \u201cClases y ex\u00e1menes\u201d.<\/p>\n<p>Como seguramente es de su conocimiento, un aula virtual es un espacio especialmente dise\u00f1ado aprovechando el avance tecnol\u00f3gico en internet, a trav\u00e9s del cual tanto docentes como estudiantes interact\u00faan de modo permanente.<\/p>\n<p>Estos cambios en educaci\u00f3n, \u00a0permiten encarar un nuevo escenario de aprendizaje, donde no solo se satisface la vinculaci\u00f3n entre participantes y docentes, sino que, adem\u00e1s,\u00a0 se concreta entre los alumnos\u00a0 una interacci\u00f3n sumamente colaborativa, que, como ya se comentara, enriquece a todos.<\/p>\n<p>Entrando espec\u00edficamente en lo que ser\u00e1 su futura actividad, cabe realizar una breve rese\u00f1a de lo que se espera de su desempe\u00f1o en la misma.<\/p>\n<p>Se estima que aproximadamente un 65% del primaje que emiten los aseguradores corresponden a negocios adquiridos\u00a0 trav\u00e9s de productores asesores de seguros, existiendo una cultura generalizada en nuestra plaza por la actuaci\u00f3n profesional de los mismos.<\/p>\n<p>El t\u00e9rmino \u201cprofesional\u201d identifica a quienes se desempe\u00f1an con ese car\u00e1cter,\u00a0 siendo competentes en su especialidad y cuyo correcto desempe\u00f1o influye y trasciende a la sociedad de la cual forma parte.<\/p>\n<p>Su principal funci\u00f3n es ser analista de riesgos, en una posici\u00f3n equidistante a los intereses de los asegurados y de los aseguradores a quienes representan, convirti\u00e9ndose en las figuras humanas del seguro, int\u00e9rpretes id\u00f3neos de formas contractuales, sembradores de previsi\u00f3n y mitigadores de desgracias previstas aunque no deseadas.<\/p>\n<p>Adem\u00e1s de acercarle el cliente al asegurador considerando su aspecto moral, la primera etapa requiere asesorarlo adecuadamente respecto a la exposici\u00f3n de riesgos personales y patrimoniales. Tras concretar la operaci\u00f3n y controlar\u00a0 la correcci\u00f3n de los contratos emitidos, su labor ser\u00e1 la de atender permanentemente las necesidades del cliente, ya sea para adecuar las sumas aseguradas, variaciones en el estado de esos riesgos, vencimientos\u00a0 y especialmente atenderlo en caso de siniestros.<\/p>\n<p>Por esta actividad de intermediaci\u00f3n como lo define la ley 22.400 el productor asesor tiene derecho al cobro de una retribuci\u00f3n, como comisi\u00f3n, fijada previamente con las entidades aseguradoras con las que operar\u00e1.<\/p>\n<p>No puede dejar de comentarse, adem\u00e1s, la importancia de selecci\u00f3n de su parte del asegurador en el que confiar\u00e1 sus negocios, considerando su calidad de servicio y situaci\u00f3n econ\u00f3mica financiera para afrontar sus compromisos. Tenga en cuenta que en caso de insolvencia del mismo no existe garant\u00eda para el asegurado.<\/p>\n<h4>ACCESO A LA INFORMACI\u00d3N:<\/h4>\n<p>En las distintas secciones \u00a0a las que puede acceder clickeando en esta misma p\u00e1gina Ud. podr\u00e1 conocer\u00a0 las caracter\u00edsticas generales de este tipo de cursos de acuerdo a normativas fijadas por la Superintendencia de Seguros, espec\u00edficamente las del nuestro, el temario oficial, los requisitos para rendir, cronograma de clases y de ex\u00e1menes y el contrato pedag\u00f3gico.<\/p>\n<p>Bajo la Secci\u00f3n Material complementario podr\u00e1 acceder\u00a0 a sitios web de inter\u00e9s para el participante, videos, audios, art\u00edculos, res\u00famenes o bibliograf\u00eda de otros autores de conveniente lectura y ejercicios\u00a0 de casos pr\u00e1cticos los que deber\u00e1n ser realizados por\u00a0 Ud. para ser posteriormente evaluados.<\/p>\n<p>Podr\u00e1 encontrar tambi\u00e9n la transcripci\u00f3n de las leyes que regulan la actividad aseguradora y un glosario de t\u00e9rminos de seguros habitualmente utilizados.<\/p>\n<p>En la cartelera, que se actualizar\u00e1 permanentemente publicaremos novedades\u00a0 de importancia para el desarrollo del curso.<\/p>\n","protected":false},"excerpt":{"rendered":"<p>Perm\u00edtame presentarme,\u00a0mi nombre es Roberto Mecca y me desempe\u00f1o como director y docente del Centro de Formaci\u00f3n y Perfeccionamiento Profesional, &hellip;<\/p>\n","protected":false},"author":1,"featured_media":0,"parent":0,"menu_order":0,"comment_status":"closed","ping_status":"closed","template":"","meta":{"_bbp_topic_count":0,"_bbp_reply_count":0,"_bbp_total_topic_count":0,"_bbp_total_reply_count":0,"_bbp_voice_count":0,"_bbp_anonymous_reply_count":0,"_bbp_topic_count_hidden":0,"_bbp_reply_count_hidden":0,"_bbp_forum_subforum_count":0,"footnotes":""},"_links":{"self":[{"href":"http:\/\/robertomecca.com.ar\/capacitacion\/wp-json\/wp\/v2\/pages\/2349"}],"collection":[{"href":"http:\/\/robertomecca.com.ar\/capacitacion\/wp-json\/wp\/v2\/pages"}],"about":[{"href":"http:\/\/robertomecca.com.ar\/capacitacion\/wp-json\/wp\/v2\/types\/page"}],"author":[{"embeddable":true,"href":"http:\/\/robertomecca.com.ar\/capacitacion\/wp-json\/wp\/v2\/users\/1"}],"replies":[{"embeddable":true,"href":"http:\/\/robertomecca.com.ar\/capacitacion\/wp-json\/wp\/v2\/comments?post=2349"}],"version-history":[{"count":11,"href":"http:\/\/robertomecca.com.ar\/capacitacion\/wp-json\/wp\/v2\/pages\/2349\/revisions"}],"predecessor-version":[{"id":3274,"href":"http:\/\/robertomecca.com.ar\/capacitacion\/wp-json\/wp\/v2\/pages\/2349\/revisions\/3274"}],"wp:attachment":[{"href":"http:\/\/robertomecca.com.ar\/capacitacion\/wp-json\/wp\/v2\/media?parent=2349"}],"curies":[{"name":"wp","href":"https:\/\/api.w.org\/{rel}","templated":true}]}}