{"id":2451,"date":"2016-04-17T18:24:06","date_gmt":"2016-04-17T18:24:06","guid":{"rendered":"http:\/\/meccacapacitacion.com.ar\/?page_id=2451"},"modified":"2016-06-07T12:16:52","modified_gmt":"2016-06-07T15:16:52","slug":"antecedentes-roberto-mecca","status":"publish","type":"page","link":"http:\/\/robertomecca.com.ar\/capacitacion\/antecedentes-roberto-mecca\/","title":{"rendered":"Antecedentes &#8211; Roberto Mecca"},"content":{"rendered":"<p><img loading=\"lazy\" decoding=\"async\" class=\"alignleft size-full wp-image-2449\" src=\"http:\/\/robertomecca.com.ar\/capacitacion\/wp-content\/uploads\/2016\/04\/roberto-mecca.jpg\" alt=\"roberto-mecca\" width=\"350\" height=\"263\" srcset=\"http:\/\/robertomecca.com.ar\/capacitacion\/wp-content\/uploads\/2016\/04\/roberto-mecca.jpg 350w, http:\/\/robertomecca.com.ar\/capacitacion\/wp-content\/uploads\/2016\/04\/roberto-mecca-120x90.jpg 120w, http:\/\/robertomecca.com.ar\/capacitacion\/wp-content\/uploads\/2016\/04\/roberto-mecca-310x233.jpg 310w\" sizes=\"(max-width: 350px) 100vw, 350px\" \/>El Lic. Roberto Mecca, de nacionalidad argentina, director del instituto que lleva su nombre, se desempe\u00f1a en el \u00e1mbito asegurador desde 1962, habiendo cumplido m\u00e1s de 50 a\u00f1os en la actividad.<\/p>\n<p>Posee el t\u00edtulo de Licenciado en Organizaci\u00f3n y T\u00e9cnica de Seguros, tras egresar de la Universidad Argentina de la Empresa (UADE en el a\u00f1o 1974).<\/p>\n<p>Entre otras funciones cabe mencionar la de representante de la Asociaci\u00f3n Argentina de Compa\u00f1\u00edas de Seguros ante la Superintendencia de Seguros de la Naci\u00f3n como integrante del tribunal examinador para el otorgamiento de la matr\u00edcula de productor asesor de seguros y la de coordinador de comisi\u00f3n de las Primeras y Segundas Jornadas de Revisi\u00f3n de Legislaci\u00f3n Aseguradora de la Honorable C\u00e1mara de Diputados del Congreso de la Naci\u00f3n.<\/p>\n<p>Se ha desempe\u00f1ado adem\u00e1s como liquidador de siniestros y perito judicial.<\/p>\n<p>Respecto a publicaciones es autor de cinco libros: MANUAL DEL PRODUCTOR ASESOR DE SEGUROS EN LA REPUBLICA ARGENTINA, MANUAL DEL PROFESIONAL DEL SEGURO (d\u00e9cima sexta edici\u00f3n), EN BUSCA DEL ASEGURABLE, MANUAL DE SEGUROS DE PERSONAS (4ta edici\u00f3n) y MANUAL DE MARKETING Y ADMINISTRACI\u00d3N EN SEGUROS.<\/p>\n<p>Asimismo escribe o ha escrito art\u00edculos de seguros en distintos medios gr\u00e1ficos; entre ellos El Cronista Comercial, El Economista, \u00c1mbito Financiero, Mercado Asegurador, Informe Asegurador, Prensa Aseguradora, revista Todo Riesgo, etc.<\/p>\n<p>Participa, adem\u00e1s, frecuentemente en conferencias y mesas redondas sobre temas de su especialidad en programas radiales y televisivos.<\/p>\n<p>Se ha desempe\u00f1ado adem\u00e1s como director del Programa de Formaci\u00f3n y Capacitaci\u00f3n de Productores Asesores de Seguros de la Universidad Fasta y del Instituto Superior Incorporado Nro 4015 Federico Grote, de la ciudad de Rosario. Actualmente es Director General del Centro de Formaci\u00f3n y Perfeccionamiento Profesional, autorizado por resoluci\u00f3n Nro. 30.166 de la Superintendencia de Seguros de la Naci\u00f3n para el dictado de cursos para la obtenci\u00f3n de la matr\u00edcula de Productor Asesor de Seguros y del denominado Programa de Capacitaci\u00f3n Continuada.<\/p>\n","protected":false},"excerpt":{"rendered":"<p>El Lic. Roberto Mecca, de nacionalidad argentina, director del instituto que lleva su nombre, se desempe\u00f1a en el \u00e1mbito asegurador &hellip;<\/p>\n","protected":false},"author":1,"featured_media":0,"parent":0,"menu_order":0,"comment_status":"closed","ping_status":"closed","template":"","meta":{"_bbp_topic_count":0,"_bbp_reply_count":0,"_bbp_total_topic_count":0,"_bbp_total_reply_count":0,"_bbp_voice_count":0,"_bbp_anonymous_reply_count":0,"_bbp_topic_count_hidden":0,"_bbp_reply_count_hidden":0,"_bbp_forum_subforum_count":0,"footnotes":""},"_links":{"self":[{"href":"http:\/\/robertomecca.com.ar\/capacitacion\/wp-json\/wp\/v2\/pages\/2451"}],"collection":[{"href":"http:\/\/robertomecca.com.ar\/capacitacion\/wp-json\/wp\/v2\/pages"}],"about":[{"href":"http:\/\/robertomecca.com.ar\/capacitacion\/wp-json\/wp\/v2\/types\/page"}],"author":[{"embeddable":true,"href":"http:\/\/robertomecca.com.ar\/capacitacion\/wp-json\/wp\/v2\/users\/1"}],"replies":[{"embeddable":true,"href":"http:\/\/robertomecca.com.ar\/capacitacion\/wp-json\/wp\/v2\/comments?post=2451"}],"version-history":[{"count":5,"href":"http:\/\/robertomecca.com.ar\/capacitacion\/wp-json\/wp\/v2\/pages\/2451\/revisions"}],"predecessor-version":[{"id":3458,"href":"http:\/\/robertomecca.com.ar\/capacitacion\/wp-json\/wp\/v2\/pages\/2451\/revisions\/3458"}],"wp:attachment":[{"href":"http:\/\/robertomecca.com.ar\/capacitacion\/wp-json\/wp\/v2\/media?parent=2451"}],"curies":[{"name":"wp","href":"https:\/\/api.w.org\/{rel}","templated":true}]}}