{"id":2468,"date":"2016-04-17T19:19:09","date_gmt":"2016-04-17T19:19:09","guid":{"rendered":"http:\/\/meccacapacitacion.com.ar\/?page_id=2468"},"modified":"2016-06-02T01:54:55","modified_gmt":"2016-06-02T04:54:55","slug":"caracteristicas-del-curso","status":"publish","type":"page","link":"http:\/\/robertomecca.com.ar\/capacitacion\/caracteristicas-del-curso\/","title":{"rendered":"Caracter\u00edsticas del Curso"},"content":{"rendered":"<h4><strong>CARACTER\u00cdSTICAS DEL CURSO:<\/strong><\/h4>\n<p>Actualmente existen dos clases de matr\u00edculas. Una denominada de seguros patrimoniales y otra de seguros sobre las personas.<\/p>\n<p>No existiendo m\u00e1s la posibilidad de presentarse a examen bajo la condici\u00f3n de aspirante libre, todos los postulantes, deben obtener la condici\u00f3n de aspirante regular cursando y aprobando los ex\u00e1menes en institutos autorizados por la Superintendencia de Seguros de la Naci\u00f3n.<\/p>\n<p>Habiendo obtenido esa condici\u00f3n, el examen final deber\u00e1 rendirse ante el Ente Cooperador de la Ley 22.400\u00a0 (Convenio entre la Superintendencia de Seguros de la Naci\u00f3n y FAPASA (Federaci\u00f3n de Asociaciones de Productores Asesores de Seguros de la Argentina)<\/p>\n<p><strong>PRINCIPALES DISPOSICIONES DEL MANUAL DE PROCEDIMIENTOS DE LA SUPERINTENDENCIA DE SEGUROS DE LA NACI\u00d3N PARA LA OBTENCI\u00d3N DE LA MATR\u00cdCULA DE PRODUCTOR ASESOR DE SEGUROS<\/strong><\/p>\n<p>De acuerdo a lo dispuesto en el actual Manual de Procedimientos elaborado por la Superintendencia de Seguros de la Naci\u00f3n, los cursos podr\u00e1n dictarse mediante la modalidad presencial o a distancia, que incluye tambi\u00e9n una parte presencial, estableci\u00e9ndose por convenci\u00f3n que la denominada \u201chora c\u00e1tedra\u201d, corresponde a 45 minutos cronol\u00f3gicos.<\/p>\n<p>Para los cursos exclusivamente PRESENCIALES y de acuerdo al requerimiento se estipula:<\/p>\n<ul>\n<li>Para la matr\u00edcula de seguros patrimoniales y sobre las personas: 850 horas\u00a0 c\u00e1tedra.<\/li>\n<li>Para la matr\u00edcula de seguros sobre las personas: 604 horas c\u00e1tedra.<\/li>\n<li>Para ampliaci\u00f3n de matr\u00edcula de seguros sobre las personas a personas y\u00a0\u00a0 patrimoniales:\u00a0 456\u00a0\u00a0 horas c\u00e1tedra.<\/li>\n<li>Para ampliaci\u00f3n de la matr\u00edcula para actuaci\u00f3n geogr\u00e1fica: 210 horas<\/li>\n<li><strong>En los cursos a distancia se estipulan 96 HORAS de dictado presencial. <\/strong><\/li>\n<li>Durante las mismas deber\u00e1n rendirse los ex\u00e1menes parciales correspondientes a cada uno de los m\u00f3dulos y de las unidades did\u00e1cticas, seg\u00fan el tipo de curso. Dichos ex\u00e1menes deber\u00e1n realizarse al finalizar el cursado de los mismos.<\/li>\n<li>Aquel aspirante que no obtenga la calificaci\u00f3n suficiente para la aprobaci\u00f3n de una unidad did\u00e1ctica, no podr\u00e1 rendir la unidad siguiente hasta tanto apruebe la anterior.<\/li>\n<li>Se establece en seis meses calendario el m\u00ednimo de la extensi\u00f3n de los cursos.<\/li>\n<li><strong>EN EL MARCO DE LA EDUCACI\u00d3N A DISTANCIA, LAS ENTIDADES CAPACITADORAS HABILITADAS PODR\u00c1N ELEGIR POR UN FORMATO DE PLATAFORMA VIRTUAL O POR MODALIDADES QUE APELEN A OTRO TIPO DE RECURSOS DID\u00c1CTICOS.<\/strong><\/li>\n<li>Los ex\u00e1menes deber\u00e1n realizarse bajo la modalidad \u201copci\u00f3n m\u00faltiple\u201d (cuatro opciones de respuesta y una sola correcta, con las caracter\u00edsticas del examen de competencia de la Superintendencia de Seguros de la Naci\u00f3n).<\/li>\n<li>Las entidades prestadoras de capacitaci\u00f3n autorizadas deber\u00e1n llevar un control de asistencia y calificaciones de los alumnos en un libro de actas que ser\u00e1 puesto a disposici\u00f3n del supervisor, en caso de ser solicitado.<\/li>\n<li>El docente deber\u00e1 tambi\u00e9n firmar el libro de actas con su asistencia y el tema desarrollado, en cada una de las clases presenciales dictadas, as\u00ed como las evaluaciones, repasos y recuperatorios.<\/li>\n<\/ul>\n<h4><strong>NUESTRO CURSO:<\/strong><\/h4>\n<p>Nuestro curso se inscribe en la modalidad semipresencial, atento a que combina la entrega de material, en este caso el Manual del Profesional del Seguro en su \u00faltima edici\u00f3n, y complementario con acceso al aula virtual comentada.<\/p>\n<p>En la misma, en el \u00e1rea de contenidos tendr\u00e1 acceso a la mayor\u00eda de las diapositivas que se utilizar\u00e1n en las clases presenciales y en el de evaluaci\u00f3n a m\u00e1s de 1500\u00a0 preguntas \u00a0bajo la modalidad multiple choice con varias opciones de respuesta y verdadero o falso.<\/p>\n<p>Tras esa evaluaci\u00f3n, no solo recibir\u00e1 si se trata o no de una respuesta correcta sino que se le brindar\u00e1 una ampliaci\u00f3n del t\u00f3pico tratado, con el fin de proporcionarle mayor informaci\u00f3n sobre el tema evaluado.<\/p>\n<p>Si desea volver a responder esas preguntas para aumentar el porcentaje de respuestas positivas el sistema le brindar\u00e1 los mismos cuestionarios cambiando el orden de las respuestas impidiendo la memorizaci\u00f3n de la ubicaci\u00f3n de las mismas.<\/p>\n<p>El desarrollo del curso, por razones did\u00e1cticas, se realizar\u00e1 en base al orden de los distintos cap\u00edtulos del manual, respetando la tem\u00e1tica que corresponda a cada uno de los m\u00f3dulos.<\/p>\n<p>Para aprobar el curso se deber\u00e1 en\u00a0 todos\u00a0 los casos, sin excepci\u00f3n, asistir el 75% de las clases presenciales, debiendo firmar en cada ocasi\u00f3n las entradas y salidas del mismo.<\/p>\n<p>En ning\u00fan caso se aprobar\u00e1 una unidad tem\u00e1tica en la que no se asistiera como m\u00ednimo al 50% de las clases presenciales.<\/p>\n<p>Los ex\u00e1menes de cada m\u00f3dulo se realizar\u00e1n tras la finalizaci\u00f3n de cada uno de ellos en la fecha y hora establecido en el cronograma de clases, fij\u00e1ndose adem\u00e1s, de resultar necesario una fecha adicional para la realizaci\u00f3n de ex\u00e1menes recuperatorios.<\/p>\n<p>El acceso al sistema se realiza con el nombre de usuario y contrase\u00f1a y podr\u00e1 ser utilizado hasta el d\u00eda del examen final ante el Ente Cooperador de la Ley 22.400.\u00a0 (USUARIO: PRIMER NOMBRE DEL ASPIRANTE. CLAVE DE ACCESO: DNI SIN PUNTOS)<\/p>\n<p>El participante, podr\u00e1 comunicarse f\u00e1cilmente con nuestro Centro de Capacitaci\u00f3n para satisfacer cualquier duda que pudiera tener, en un sistema de tutor\u00eda permanente respondiendo las consultas a trav\u00e9s de profesionales especializados.<\/p>\n","protected":false},"excerpt":{"rendered":"<p>CARACTER\u00cdSTICAS DEL CURSO: Actualmente existen dos clases de matr\u00edculas. Una denominada de seguros patrimoniales y otra de seguros sobre las &hellip;<\/p>\n","protected":false},"author":1,"featured_media":0,"parent":0,"menu_order":0,"comment_status":"closed","ping_status":"closed","template":"","meta":{"_bbp_topic_count":0,"_bbp_reply_count":0,"_bbp_total_topic_count":0,"_bbp_total_reply_count":0,"_bbp_voice_count":0,"_bbp_anonymous_reply_count":0,"_bbp_topic_count_hidden":0,"_bbp_reply_count_hidden":0,"_bbp_forum_subforum_count":0,"footnotes":""},"_links":{"self":[{"href":"http:\/\/robertomecca.com.ar\/capacitacion\/wp-json\/wp\/v2\/pages\/2468"}],"collection":[{"href":"http:\/\/robertomecca.com.ar\/capacitacion\/wp-json\/wp\/v2\/pages"}],"about":[{"href":"http:\/\/robertomecca.com.ar\/capacitacion\/wp-json\/wp\/v2\/types\/page"}],"author":[{"embeddable":true,"href":"http:\/\/robertomecca.com.ar\/capacitacion\/wp-json\/wp\/v2\/users\/1"}],"replies":[{"embeddable":true,"href":"http:\/\/robertomecca.com.ar\/capacitacion\/wp-json\/wp\/v2\/comments?post=2468"}],"version-history":[{"count":1,"href":"http:\/\/robertomecca.com.ar\/capacitacion\/wp-json\/wp\/v2\/pages\/2468\/revisions"}],"predecessor-version":[{"id":2472,"href":"http:\/\/robertomecca.com.ar\/capacitacion\/wp-json\/wp\/v2\/pages\/2468\/revisions\/2472"}],"wp:attachment":[{"href":"http:\/\/robertomecca.com.ar\/capacitacion\/wp-json\/wp\/v2\/media?parent=2468"}],"curies":[{"name":"wp","href":"https:\/\/api.w.org\/{rel}","templated":true}]}}