{"id":3896,"date":"2024-09-10T00:18:37","date_gmt":"2024-09-10T03:18:37","guid":{"rendered":"https:\/\/robertomecca.com.ar\/capacitacion\/?page_id=3896"},"modified":"2024-09-10T00:19:32","modified_gmt":"2024-09-10T03:19:32","slug":"caracteristicas-del-curso-2","status":"publish","type":"page","link":"http:\/\/robertomecca.com.ar\/capacitacion\/caracteristicas-del-curso-2\/","title":{"rendered":"NUEVO CURSO PARA ASPIRANTES A LA MATRICULA DE PRODUCTOR ASESOR DE SEGUROS"},"content":{"rendered":"\n<p class=\"has-black-color has-text-color has-link-color wp-elements-1a3554f8759e295eac0ac5818c0ce84b\">La Superintendencia de Seguros de la Naci\u00f3n, permiti\u00f3 \u00a0que estos cursos puedan ser realizados de modo \u00aba distancia\u00bb. <br>El nuestro, que se desarrolla a trav\u00e9s del Centro de Formaci\u00f3n y Perfeccionamiento Profesional aprobado por la Superintendencia de Seguros de la Naci\u00f3n mediante resoluci\u00f3n nro. 30.166, comenzar\u00e1 el\u00a0\u00a0<strong>Jueves 2 de mayo de 2024<\/strong>, con una extensi\u00f3n de nueve meses.<br>El programa va a incluir:<br>El Manual del Profesional del seguro, edici\u00f3n 18 \u00a0del Lic. Roberto Mecca.<br>Acceso a un sistema de autoevaluaci\u00f3n con m\u00e1s de 2.000 preguntas divididas en categor\u00edas que corresponden a los cap\u00edtulos del libro mencionado.<br>Acceso a un aula virtual con la posibilidad de contactarse con otros alumnos y descargar videos sobre temas espec\u00edficos.<br>Semanalmente, todos los\u00a0<strong>jueves a las 19:00 horas<\/strong>, se realizar\u00e1n reuniones a trav\u00e9s de la plataforma de Zoom para desarrollar clases en videoconferencia con el Lic. Roberto Mecca, quien se desempe\u00f1ar\u00e1 como profesor y responsable de una tutor\u00eda permanente para satisfacer todo tipo de consultas.<br>Para inscribirse el domicilio que figura en su DNI debe ser de CABA o\u00a0 en determinadas localidades del Gran Buenos Aires. Ello se debe a que la Superintendencia de Seguros de la Naci\u00f3n fija un \u00e1rea geogr\u00e1fica de actuaci\u00f3n para cada instituto autorizado.<br>El costo del curso:<br>Inscripci\u00f3n de $ 55.000.- m\u00e1s 10 cuotas:<br>De mayo a septiembre del 2024: 5 cuotas mensuales y consecutivas de $\u00a0 45.000.-<br>De octubre del 2024 a febrero del 2025: 5 cuotas mensuales y consecutivas de $\u00a0 70.000.-<br>A trav\u00e9s de dep\u00f3sito o transferencia bancaria.<br><strong>Cierre de inscripci\u00f3n: 2 de mayo de 2024. VACANTES LIMITADAS.<\/strong><\/p>\n","protected":false},"excerpt":{"rendered":"<p>La Superintendencia de Seguros de la Naci\u00f3n, permiti\u00f3 \u00a0que estos cursos puedan ser realizados de modo \u00aba distancia\u00bb. El nuestro, &hellip;<\/p>\n","protected":false},"author":1,"featured_media":0,"parent":0,"menu_order":0,"comment_status":"closed","ping_status":"closed","template":"","meta":{"_bbp_topic_count":0,"_bbp_reply_count":0,"_bbp_total_topic_count":0,"_bbp_total_reply_count":0,"_bbp_voice_count":0,"_bbp_anonymous_reply_count":0,"_bbp_topic_count_hidden":0,"_bbp_reply_count_hidden":0,"_bbp_forum_subforum_count":0,"footnotes":""},"_links":{"self":[{"href":"http:\/\/robertomecca.com.ar\/capacitacion\/wp-json\/wp\/v2\/pages\/3896"}],"collection":[{"href":"http:\/\/robertomecca.com.ar\/capacitacion\/wp-json\/wp\/v2\/pages"}],"about":[{"href":"http:\/\/robertomecca.com.ar\/capacitacion\/wp-json\/wp\/v2\/types\/page"}],"author":[{"embeddable":true,"href":"http:\/\/robertomecca.com.ar\/capacitacion\/wp-json\/wp\/v2\/users\/1"}],"replies":[{"embeddable":true,"href":"http:\/\/robertomecca.com.ar\/capacitacion\/wp-json\/wp\/v2\/comments?post=3896"}],"version-history":[{"count":1,"href":"http:\/\/robertomecca.com.ar\/capacitacion\/wp-json\/wp\/v2\/pages\/3896\/revisions"}],"predecessor-version":[{"id":3898,"href":"http:\/\/robertomecca.com.ar\/capacitacion\/wp-json\/wp\/v2\/pages\/3896\/revisions\/3898"}],"wp:attachment":[{"href":"http:\/\/robertomecca.com.ar\/capacitacion\/wp-json\/wp\/v2\/media?parent=3896"}],"curies":[{"name":"wp","href":"https:\/\/api.w.org\/{rel}","templated":true}]}}